{"id":934,"date":"2022-08-17T03:29:11","date_gmt":"2022-08-17T03:29:11","guid":{"rendered":"https:\/\/muuichocolate.com\/?post_type=product&#038;p=934"},"modified":"2023-11-01T17:51:00","modified_gmt":"2023-11-01T17:51:00","slug":"alkollu-cikolata-kutusu","status":"publish","type":"product","link":"https:\/\/muuichocolate.com\/index.php\/urun\/alkollu-cikolata-kutusu\/","title":{"rendered":"Alkoll\u00fc \u00c7ikolata Kutusu 500gr"},"content":{"rendered":"","protected":false},"excerpt":{"rendered":"<p>Alkolle \u00e7ikolata bir arada nasil olur dedi\u011finizi duyar gibiyiz. Merak uyand\u0131ran bu MUI ALKOLL\u00dc koleksiyonumuzu denemenizi tavsiye ederiz.<br \/>\nKutu i\u00e7eri\u011fi; Viskili, portakal lik\u00f6rl\u00fc, rum ve kuru \u00fcz\u00fcml\u00fc, Baileys \u00e7ikolata, votka vi\u015fneli, rak\u0131l\u0131.<br \/>\nGramaj: 500 gr<\/p>\n","protected":false},"featured_media":1168,"template":"","meta":{"site-sidebar-layout":"default","site-content-layout":"default","ast-global-header-display":"","ast-main-header-display":"","ast-hfb-above-header-display":"","ast-hfb-below-header-display":"","ast-hfb-mobile-header-display":"","site-post-title":"","ast-breadcrumbs-content":"","ast-featured-img":"","footer-sml-layout":"","theme-transparent-header-meta":"default","adv-header-id-meta":"","stick-header-meta":"","header-above-stick-meta":"","header-main-stick-meta":"","header-below-stick-meta":""},"product_cat":[25,21],"product_tag":[],"class_list":["post-934","product","type-product","status-publish","has-post-thumbnail","hentry","product_cat-alkollu","product_cat-kutu-cikolatalar","desktop-align-left","tablet-align-left","mobile-align-left"],"_links":{"self":[{"href":"https:\/\/muuichocolate.com\/index.php\/wp-json\/wp\/v2\/product\/934","targetHints":{"allow":["GET"]}}],"collection":[{"href":"https:\/\/muuichocolate.com\/index.php\/wp-json\/wp\/v2\/product"}],"about":[{"href":"https:\/\/muuichocolate.com\/index.php\/wp-json\/wp\/v2\/types\/product"}],"wp:featuredmedia":[{"embeddable":true,"href":"https:\/\/muuichocolate.com\/index.php\/wp-json\/wp\/v2\/media\/1168"}],"wp:attachment":[{"href":"https:\/\/muuichocolate.com\/index.php\/wp-json\/wp\/v2\/media?parent=934"}],"wp:term":[{"taxonomy":"product_cat","embeddable":true,"href":"https:\/\/muuichocolate.com\/index.php\/wp-json\/wp\/v2\/product_cat?post=934"},{"taxonomy":"product_tag","embeddable":true,"href":"https:\/\/muuichocolate.com\/index.php\/wp-json\/wp\/v2\/product_tag?post=934"}],"curies":[{"name":"wp","href":"https:\/\/api.w.org\/{rel}","templated":true}]}}