{"id":931,"date":"2022-08-17T03:21:49","date_gmt":"2022-08-17T03:21:49","guid":{"rendered":"https:\/\/muuichocolate.com\/?post_type=product&#038;p=931"},"modified":"2023-11-01T17:51:01","modified_gmt":"2023-11-01T17:51:01","slug":"muui-spesiyal","status":"publish","type":"product","link":"https:\/\/muuichocolate.com\/index.php\/urun\/muui-spesiyal\/","title":{"rendered":"Muui Spesiyal"},"content":{"rendered":"","protected":false},"excerpt":{"rendered":"<p>Tamam\u0131 el yap\u0131m\u0131 \u00f6zel \u00e7e\u015fitlerin bir arada oldu\u011fu bu se\u00e7kin harmoni sizi ve sevdiklerinizi mutlu etmeyi bekliyor.<br \/>\nKutu i\u00e7eri\u011fi; Ganaj dolgulu \u00e7ikolata, tr\u00fcf \u00e7e\u015fitlerli, rocher \u00e7e\u015fitleri, para \u00e7ikolata ce\u015fitleri, cikolata kapl\u0131 portakal kabu\u011fu \u015fekerlemesi.<br \/>\nGramaj: 750 gr<\/p>\n","protected":false},"featured_media":916,"template":"","meta":{"site-sidebar-layout":"default","site-content-layout":"default","ast-global-header-display":"","ast-main-header-display":"","ast-hfb-above-header-display":"","ast-hfb-below-header-display":"","ast-hfb-mobile-header-display":"","site-post-title":"","ast-breadcrumbs-content":"","ast-featured-img":"","footer-sml-layout":"","theme-transparent-header-meta":"default","adv-header-id-meta":"","stick-header-meta":"","header-above-stick-meta":"","header-main-stick-meta":"","header-below-stick-meta":""},"product_cat":[21,23],"product_tag":[],"class_list":["post-931","product","type-product","status-publish","has-post-thumbnail","hentry","product_cat-kutu-cikolatalar","product_cat-spesiyal","desktop-align-left","tablet-align-left","mobile-align-left"],"_links":{"self":[{"href":"https:\/\/muuichocolate.com\/index.php\/wp-json\/wp\/v2\/product\/931","targetHints":{"allow":["GET"]}}],"collection":[{"href":"https:\/\/muuichocolate.com\/index.php\/wp-json\/wp\/v2\/product"}],"about":[{"href":"https:\/\/muuichocolate.com\/index.php\/wp-json\/wp\/v2\/types\/product"}],"wp:featuredmedia":[{"embeddable":true,"href":"https:\/\/muuichocolate.com\/index.php\/wp-json\/wp\/v2\/media\/916"}],"wp:attachment":[{"href":"https:\/\/muuichocolate.com\/index.php\/wp-json\/wp\/v2\/media?parent=931"}],"wp:term":[{"taxonomy":"product_cat","embeddable":true,"href":"https:\/\/muuichocolate.com\/index.php\/wp-json\/wp\/v2\/product_cat?post=931"},{"taxonomy":"product_tag","embeddable":true,"href":"https:\/\/muuichocolate.com\/index.php\/wp-json\/wp\/v2\/product_tag?post=931"}],"curies":[{"name":"wp","href":"https:\/\/api.w.org\/{rel}","templated":true}]}}