{"id":930,"date":"2022-08-17T03:19:55","date_gmt":"2022-08-17T03:19:55","guid":{"rendered":"https:\/\/muuichocolate.com\/?post_type=product&#038;p=930"},"modified":"2023-11-01T17:51:00","modified_gmt":"2023-11-01T17:51:00","slug":"truf-kutusu-s","status":"publish","type":"product","link":"https:\/\/muuichocolate.com\/index.php\/urun\/truf-kutusu-s\/","title":{"rendered":"Tr\u00fcf Kutusu 250gr"},"content":{"rendered":"","protected":false},"excerpt":{"rendered":"<p>\u00d6zel bir \u00e7ikolata kaplamas\u0131 ve el yap\u0131m\u0131 recetelerle lezzetli birle\u015fimleri sunan MUI TRUF sizlerle..<br \/>\nKutu i\u00e7eri\u011fi: Naneli, hindistan cevizli, tar\u00e7\u0131n ve zencefilli, bitter ball\u0131, bitter \u00e7ilek, \u00e7ikolata par\u00e7ac\u0131kl\u0131.<\/p>\n<p>Gramaj: 250 gr<\/p>\n","protected":false},"featured_media":915,"template":"","meta":{"site-sidebar-layout":"default","site-content-layout":"default","ast-global-header-display":"","ast-main-header-display":"","ast-hfb-above-header-display":"","ast-hfb-below-header-display":"","ast-hfb-mobile-header-display":"","site-post-title":"","ast-breadcrumbs-content":"","ast-featured-img":"","footer-sml-layout":"","theme-transparent-header-meta":"default","adv-header-id-meta":"","stick-header-meta":"","header-above-stick-meta":"","header-main-stick-meta":"","header-below-stick-meta":""},"product_cat":[21,22],"product_tag":[],"class_list":["post-930","product","type-product","status-publish","has-post-thumbnail","hentry","product_cat-kutu-cikolatalar","product_cat-truf","desktop-align-left","tablet-align-left","mobile-align-left"],"_links":{"self":[{"href":"https:\/\/muuichocolate.com\/index.php\/wp-json\/wp\/v2\/product\/930","targetHints":{"allow":["GET"]}}],"collection":[{"href":"https:\/\/muuichocolate.com\/index.php\/wp-json\/wp\/v2\/product"}],"about":[{"href":"https:\/\/muuichocolate.com\/index.php\/wp-json\/wp\/v2\/types\/product"}],"wp:featuredmedia":[{"embeddable":true,"href":"https:\/\/muuichocolate.com\/index.php\/wp-json\/wp\/v2\/media\/915"}],"wp:attachment":[{"href":"https:\/\/muuichocolate.com\/index.php\/wp-json\/wp\/v2\/media?parent=930"}],"wp:term":[{"taxonomy":"product_cat","embeddable":true,"href":"https:\/\/muuichocolate.com\/index.php\/wp-json\/wp\/v2\/product_cat?post=930"},{"taxonomy":"product_tag","embeddable":true,"href":"https:\/\/muuichocolate.com\/index.php\/wp-json\/wp\/v2\/product_tag?post=930"}],"curies":[{"name":"wp","href":"https:\/\/api.w.org\/{rel}","templated":true}]}}