{"id":920,"date":"2022-08-17T03:11:05","date_gmt":"2022-08-17T03:11:05","guid":{"rendered":"https:\/\/muuichocolate.com\/?post_type=product&#038;p=920"},"modified":"2023-11-01T17:51:01","modified_gmt":"2023-11-01T17:51:01","slug":"muui-klasik-l","status":"publish","type":"product","link":"https:\/\/muuichocolate.com\/index.php\/urun\/muui-klasik-l\/","title":{"rendered":"Muui Klasik 500gr"},"content":{"rendered":"","protected":false},"excerpt":{"rendered":"<p>\u00c7ikolata deneyimleri aras\u0131nda benzersiz bir ke\u015ffe haz\u0131r m\u0131s\u0131n\u0131z?<br \/>\nMui chocolatte tamam\u0131 el yap\u0131m\u0131 ve \u00f6zel recetelerle haz\u0131rlanan benzersiz lezzetleri sizlere MUI KLASIK ile sunuyor.<br \/>\nKutu i\u00e7eri\u011fi; bitter, kahve, karamel, frambuaz, limon, lavanta, ac\u0131 biber, krokan badem, kuruyemi\u015f ve meyveli bitter \u00e7ikolata, kuruyemi\u015f ve meyveli s\u00fctl\u00fc \u00e7ikolata.<br \/>\nGramaj: 500 gr<\/p>\n","protected":false},"featured_media":1171,"template":"","meta":{"site-sidebar-layout":"default","site-content-layout":"default","ast-global-header-display":"","ast-main-header-display":"","ast-hfb-above-header-display":"","ast-hfb-below-header-display":"","ast-hfb-mobile-header-display":"","site-post-title":"","ast-breadcrumbs-content":"","ast-featured-img":"","footer-sml-layout":"","theme-transparent-header-meta":"default","adv-header-id-meta":"","stick-header-meta":"","header-above-stick-meta":"","header-main-stick-meta":"","header-below-stick-meta":""},"product_cat":[21],"product_tag":[],"class_list":["post-920","product","type-product","status-publish","has-post-thumbnail","hentry","product_cat-kutu-cikolatalar","desktop-align-left","tablet-align-left","mobile-align-left"],"_links":{"self":[{"href":"https:\/\/muuichocolate.com\/index.php\/wp-json\/wp\/v2\/product\/920","targetHints":{"allow":["GET"]}}],"collection":[{"href":"https:\/\/muuichocolate.com\/index.php\/wp-json\/wp\/v2\/product"}],"about":[{"href":"https:\/\/muuichocolate.com\/index.php\/wp-json\/wp\/v2\/types\/product"}],"wp:featuredmedia":[{"embeddable":true,"href":"https:\/\/muuichocolate.com\/index.php\/wp-json\/wp\/v2\/media\/1171"}],"wp:attachment":[{"href":"https:\/\/muuichocolate.com\/index.php\/wp-json\/wp\/v2\/media?parent=920"}],"wp:term":[{"taxonomy":"product_cat","embeddable":true,"href":"https:\/\/muuichocolate.com\/index.php\/wp-json\/wp\/v2\/product_cat?post=920"},{"taxonomy":"product_tag","embeddable":true,"href":"https:\/\/muuichocolate.com\/index.php\/wp-json\/wp\/v2\/product_tag?post=920"}],"curies":[{"name":"wp","href":"https:\/\/api.w.org\/{rel}","templated":true}]}}