{"id":1172,"date":"2022-09-22T12:57:03","date_gmt":"2022-09-22T12:57:03","guid":{"rendered":"https:\/\/muuichocolate.com\/?post_type=product&#038;p=1172"},"modified":"2023-11-01T17:51:01","modified_gmt":"2023-11-01T17:51:01","slug":"sutlu-mendiats-2","status":"publish","type":"product","link":"https:\/\/muuichocolate.com\/index.php\/urun\/sutlu-mendiats-2\/","title":{"rendered":"S\u00fctl\u00fc Mendiats"},"content":{"rendered":"","protected":false},"excerpt":{"rendered":"<p>F\u0131nd\u0131k badem \u00fcz\u00fcm denilince ilk akla gelen s\u00fctl\u00fc \u00e7ikolatal\u0131 at\u0131\u015ft\u0131rmal\u0131klar\u0131m\u0131z.<br \/>\nS\u00fctl\u00fc \u00e7ikolata, badem, portakal<br \/>\n100gr<\/p>\n","protected":false},"featured_media":909,"template":"","meta":{"site-sidebar-layout":"default","site-content-layout":"default","ast-global-header-display":"","ast-main-header-display":"","ast-hfb-above-header-display":"","ast-hfb-below-header-display":"","ast-hfb-mobile-header-display":"","site-post-title":"","ast-breadcrumbs-content":"","ast-featured-img":"","footer-sml-layout":"","theme-transparent-header-meta":"default","adv-header-id-meta":"","stick-header-meta":"","header-above-stick-meta":"","header-main-stick-meta":"","header-below-stick-meta":""},"product_cat":[27,30],"product_tag":[],"class_list":["post-1172","product","type-product","status-publish","has-post-thumbnail","hentry","product_cat-atistirmalik","product_cat-mendiats","desktop-align-left","tablet-align-left","mobile-align-left"],"_links":{"self":[{"href":"https:\/\/muuichocolate.com\/index.php\/wp-json\/wp\/v2\/product\/1172","targetHints":{"allow":["GET"]}}],"collection":[{"href":"https:\/\/muuichocolate.com\/index.php\/wp-json\/wp\/v2\/product"}],"about":[{"href":"https:\/\/muuichocolate.com\/index.php\/wp-json\/wp\/v2\/types\/product"}],"wp:featuredmedia":[{"embeddable":true,"href":"https:\/\/muuichocolate.com\/index.php\/wp-json\/wp\/v2\/media\/909"}],"wp:attachment":[{"href":"https:\/\/muuichocolate.com\/index.php\/wp-json\/wp\/v2\/media?parent=1172"}],"wp:term":[{"taxonomy":"product_cat","embeddable":true,"href":"https:\/\/muuichocolate.com\/index.php\/wp-json\/wp\/v2\/product_cat?post=1172"},{"taxonomy":"product_tag","embeddable":true,"href":"https:\/\/muuichocolate.com\/index.php\/wp-json\/wp\/v2\/product_tag?post=1172"}],"curies":[{"name":"wp","href":"https:\/\/api.w.org\/{rel}","templated":true}]}}